{"id":57,"date":"2016-10-18T11:42:41","date_gmt":"2016-10-18T11:42:41","guid":{"rendered":"http:\/\/renate-korth.de\/wordpress\/?page_id=57"},"modified":"2016-10-18T11:50:41","modified_gmt":"2016-10-18T11:50:41","slug":"impressum","status":"publish","type":"page","link":"https:\/\/renate-korth.de\/wordpress\/?page_id=57","title":{"rendered":"Impressum"},"content":{"rendered":"<p>[et_pb_section admin_label=&#8220;section&#8220; fullwidth=&#8220;off&#8220; specialty=&#8220;off&#8220; background_image=&#8220;http:\/\/renate-korth.de\/wordpress\/wp-content\/uploads\/2016\/10\/Renate-Korth_28.-September-2014_5-web1.jpg&#8220; transparent_background=&#8220;off&#8220; background_color=&#8220;#0e3a66&#8243; allow_player_pause=&#8220;off&#8220; inner_shadow=&#8220;off&#8220; parallax=&#8220;off&#8220; parallax_method=&#8220;off&#8220; padding_mobile=&#8220;off&#8220; make_fullwidth=&#8220;off&#8220; use_custom_width=&#8220;off&#8220; width_unit=&#8220;on&#8220; make_equal=&#8220;off&#8220; use_custom_gutter=&#8220;off&#8220;][et_pb_row admin_label=&#8220;row&#8220; make_fullwidth=&#8220;off&#8220; use_custom_width=&#8220;off&#8220; width_unit=&#8220;on&#8220; use_custom_gutter=&#8220;off&#8220; padding_mobile=&#8220;off&#8220; allow_player_pause=&#8220;off&#8220; parallax=&#8220;off&#8220; parallax_method=&#8220;off&#8220; make_equal=&#8220;off&#8220; parallax_1=&#8220;off&#8220; parallax_method_1=&#8220;off&#8220; column_padding_mobile=&#8220;on&#8220; gutter_width=&#8220;4&#8243; custom_padding=&#8220;12%||12%|&#8220;][et_pb_column type=&#8220;4_4&#8243;][et_pb_text admin_label=&#8220;Text&#8220; background_layout=&#8220;dark&#8220; text_orientation=&#8220;left&#8220; use_border_color=&#8220;off&#8220; border_color=&#8220;#ffffff&#8220; border_style=&#8220;solid&#8220;]<\/p>\n<h1>Kinder- und Jugendcoach<\/h1>\n<h1>Renate Korth<\/h1>\n<p>[\/et_pb_text][\/et_pb_column][\/et_pb_row][\/et_pb_section][et_pb_section admin_label=&#8220;section&#8220; fullwidth=&#8220;off&#8220; specialty=&#8220;off&#8220; transparent_background=&#8220;off&#8220; background_color=&#8220;#f7f7f7&#8243; allow_player_pause=&#8220;off&#8220; inner_shadow=&#8220;off&#8220; parallax=&#8220;off&#8220; parallax_method=&#8220;off&#8220; padding_mobile=&#8220;off&#8220; make_fullwidth=&#8220;off&#8220; use_custom_width=&#8220;off&#8220; width_unit=&#8220;on&#8220; make_equal=&#8220;off&#8220; use_custom_gutter=&#8220;off&#8220;][et_pb_row admin_label=&#8220;row&#8220; make_fullwidth=&#8220;off&#8220; use_custom_width=&#8220;off&#8220; width_unit=&#8220;on&#8220; use_custom_gutter=&#8220;off&#8220; padding_mobile=&#8220;off&#8220; allow_player_pause=&#8220;off&#8220; parallax=&#8220;off&#8220; parallax_method=&#8220;off&#8220; make_equal=&#8220;off&#8220; parallax_1=&#8220;off&#8220; parallax_method_1=&#8220;off&#8220; column_padding_mobile=&#8220;on&#8220; gutter_width=&#8220;4&#8243; custom_padding=&#8220;12%||12%|&#8220;][et_pb_column type=&#8220;4_4&#8243;][et_pb_text admin_label=&#8220;Text&#8220; background_layout=&#8220;light&#8220; text_orientation=&#8220;center&#8220; use_border_color=&#8220;off&#8220; border_color=&#8220;#ffffff&#8220; border_style=&#8220;solid&#8220;]<\/p>\n<h1 style=\"text-align: justify;\">Angaben gem\u00c3\u00a4\u00c3\u0178 \u00c2\u00a7 5 TMG:<\/h1>\n<p style=\"text-align: justify;\">Renate Korth<br \/>\nAm Gasberg 8 | Ebene 4<br \/>\n23795 Bad Segeberg<\/p>\n<p style=\"text-align: justify;\">Tel: 01724353529<br \/>\nMail: info[at]renate-korth.de<\/p>\n<p style=\"text-align: justify;\">Verantwortlich f\u00c3\u00bcr den Inhalt nach \u00c2\u00a7 55 Abs. 2 RStV.<\/p>\n<p style=\"text-align: justify;\">Quellenangaben f\u00c3\u00bcr die verwendeten Bilder und Grafiken:<\/p>\n<p style=\"text-align: justify;\">Haftungsausschluss:<\/p>\n<h1 style=\"text-align: justify;\">Haftung f\u00c3\u00bcr Inhalte<\/h1>\n<p style=\"text-align: justify;\">Die Inhalte unserer Seiten wurden mit gr\u00c3\u00b6\u00c3\u0178ter Sorgfalt erstellt. F\u00c3\u00bcr die Richtigkeit, Vollst\u00c3\u00a4ndigkeit und Aktualit\u00c3\u00a4t der Inhalte k\u00c3\u00b6nnen wir jedoch keine Gew\u00c3\u00a4hr \u00c3\u00bcbernehmen. Als Diensteanbieter sind wir gem\u00c3\u00a4\u00c3\u0178 \u00c2\u00a7 7 Abs.1 TMG f\u00c3\u00bcr eigene Inhalte auf diesen Seiten nach den allgemeinen Gesetzen verantwortlich. Nach \u00c2\u00a7\u00c2\u00a7 8 bis 10 TMG sind wir als Diensteanbieter jedoch nicht verpflichtet, \u00c3\u00bcbermittelte oder gespeicherte fremde Informationen zu \u00c3\u00bcberwachen oder nach Umst\u00c3\u00a4nden zu forschen, die auf eine rechtswidrige T\u00c3\u00a4tigkeit hinweisen. Verpflichtungen zur Entfernung oder Sperrung der Nutzung von Informationen nach den allgemeinen Gesetzen bleiben hiervon unber\u00c3\u00bchrt. Eine diesbez\u00c3\u00bcgliche Haftung ist jedoch erst ab dem Zeitpunkt der Kenntnis einer konkreten Rechtsverletzung m\u00c3\u00b6glich. Bei Bekanntwerden von entsprechenden Rechtsverletzungen werden wir diese Inhalte umgehend entfernen.<\/p>\n<h1 style=\"text-align: justify;\">Haftung f\u00c3\u00bcr Links<\/h1>\n<p style=\"text-align: justify;\">Unser Angebot enth\u00c3\u00a4lt Links zu externen Webseiten Dritter, auf deren Inhalte wir keinen Einfluss haben. Deshalb k\u00c3\u00b6nnen wir f\u00c3\u00bcr diese fremden Inhalte auch keine Gew\u00c3\u00a4hr \u00c3\u00bcbernehmen. F\u00c3\u00bcr die Inhalte der verlinkten Seiten ist stets der jeweilige Anbieter oder Betreiber der Seiten verantwortlich. Die verlinkten Seiten wurden zum Zeitpunkt der Verlinkung auf m\u00c3\u00b6gliche Rechtsverst\u00c3\u00b6\u00c3\u0178e \u00c3\u00bcberpr\u00c3\u00bcft. Rechtswidrige Inhalte waren zum Zeitpunkt der Verlinkung nicht erkennbar. Eine permanente inhaltliche Kontrolle der verlinkten Seiten ist jedoch ohne konkrete Anhaltspunkte einer Rechtsverletzung nicht zumutbar. Bei Bekanntwerden von Rechtsverletzungen werden wir derartige Links umgehend entfernen.<\/p>\n<h1 style=\"text-align: justify;\">Urheberrecht<\/h1>\n<p style=\"text-align: justify;\">Die durch die Seitenbetreiber erstellten Inhalte und Werke auf diesen Seiten unterliegen dem deutschen Urheberrecht. Die Vervielf\u00c3\u00a4ltigung, Bearbeitung, Verbreitung und jede Art der Verwertung au\u00c3\u0178erhalb der Grenzen des Urheberrechtes bed\u00c3\u00bcrfen der schriftlichen Zustimmung des jeweiligen Autors bzw. Erstellers. Downloads und Kopien dieser Seite sind nur f\u00c3\u00bcr den privaten, nicht kommerziellen Gebrauch gestattet. Soweit die Inhalte auf dieser Seite nicht vom Betreiber erstellt wurden, werden die Urheberrechte Dritter beachtet. Insbesondere werden Inhalte Dritter als solche gekennzeichnet. Sollten Sie trotzdem auf eine Urheberrechtsverletzung aufmerksam werden, bitten wir um einen entsprechenden Hinweis. Bei Bekanntwerden von Rechtsverletzungen werden wir derartige Inhalte umgehend entfernen.<\/p>\n<h1 style=\"text-align: justify;\">Datenschutz<\/h1>\n<p style=\"text-align: justify;\">Die Nutzung unserer Webseite ist in der Regel ohne Angabe personenbezogener Daten m\u00c3\u00b6glich. Soweit auf unseren Seiten personenbezogene Daten (beispielsweise Name, Anschrift oder eMail-Adressen) erhoben werden, erfolgt dies, soweit m\u00c3\u00b6glich, stets auf freiwilliger Basis. Diese Daten werden ohne Ihre ausdr\u00c3\u00bcckliche Zustimmung nicht an Dritte weitergegeben.<\/p>\n<p style=\"text-align: justify;\">Wir weisen darauf hin, dass die Daten\u00c3\u00bcbertragung im Internet (z.B. bei der Kommunikation per E-Mail) Sicherheitsl\u00c3\u00bccken aufweisen kann. Ein l\u00c3\u00bcckenloser Schutz der Daten vor dem Zugriff durch Dritte ist nicht m\u00c3\u00b6glich.<\/p>\n<p style=\"text-align: justify;\">Der Nutzung von im Rahmen der Impressumspflicht ver\u00c3\u00b6ffentlichten Kontaktdaten durch Dritte zur \u00c3\u0153bersendung von nicht ausdr\u00c3\u00bccklich angeforderter Werbung und Informationsmaterialien wird hiermit ausdr\u00c3\u00bccklich widersprochen. Die Betreiber der Seiten behalten sich ausdr\u00c3\u00bccklich rechtliche Schritte im Falle der unverlangten Zusendung von Werbeinformationen, etwa durch Spam-Mails, vor.<\/p>\n<h1 style=\"text-align: justify;\">Datenschutzerkl\u00c3\u00a4rung f\u00c3\u00bcr die Nutzung von Google Analytics<\/h1>\n<p style=\"text-align: justify;\">Diese Website benutzt Google Analytics, einen Webanalysedienst der Google Inc. (\u00e2\u20ac\u017eGoogle\u00e2\u20ac\u0153). Google Analytics verwendet sog. \u00e2\u20ac\u017eCookies\u00e2\u20ac\u0153, Textdateien, die auf Ihrem Computer gespeichert werden und die eine Analyse der Benutzung der Website durch Sie erm\u00c3\u00b6glichen. Die durch den Cookie erzeugten Informationen \u00c3\u00bcber Ihre Benutzung dieser Website werden in der Regel an einen Server von Google in den USA \u00c3\u00bcbertragen und dort gespeichert. Im Falle der Aktivierung der IP-Anonymisierung auf dieser Webseite wird Ihre IP-Adresse von Google jedoch innerhalb von Mitgliedstaaten der Europ\u00c3\u00a4ischen Union oder in anderen Vertragsstaaten des Abkommens \u00c3\u00bcber den Europ\u00c3\u00a4ischen Wirtschaftsraum zuvor gek\u00c3\u00bcrzt.<\/p>\n<p style=\"text-align: justify;\">Nur in Ausnahmef\u00c3\u00a4llen wird die volle IP-Adresse an einen Server von Google in den USA \u00c3\u00bcbertragen und dort gek\u00c3\u00bcrzt. Im Auftrag des Betreibers dieser Website wird Google diese Informationen benutzen, um Ihre Nutzung der Website auszuwerten, um Reports \u00c3\u00bcber die Websiteaktivit\u00c3\u00a4ten zusammenzustellen und um weitere mit der Websitenutzung und der Internetnutzung verbundene Dienstleistungen gegen\u00c3\u00bcber dem Websitebetreiber zu erbringen. Die im Rahmen von Google Analytics von Ihrem Browser \u00c3\u00bcbermittelte IP-Adresse wird nicht mit anderen Daten von Google zusammengef\u00c3\u00bchrt.<\/p>\n<p style=\"text-align: justify;\">Sie k\u00c3\u00b6nnen die Speicherung der Cookies durch eine entsprechende Einstellung Ihrer Browser-Software verhindern; wir weisen Sie jedoch darauf hin, dass Sie in diesem Fall gegebenenfalls nicht s\u00c3\u00a4mtliche Funktionen dieser Website vollumf\u00c3\u00a4nglich werden nutzen k\u00c3\u00b6nnen. Sie k\u00c3\u00b6nnen dar\u00c3\u00bcber hinaus die Erfassung der durch das Cookie erzeugten und auf Ihre Nutzung der Website bezogenen Daten (inkl. Ihrer IP-Adresse) an Google sowie die Verarbeitung dieser Daten durch Google verhindern, indem sie das unter dem folgenden Link verf\u00c3\u00bcgbare Browser-Plugin herunterladen und installieren: http:\/\/tools.google.com\/dlpage\/gaoptout?hl=de.<\/p>\n<p style=\"text-align: justify;\">Ihre Datenschutzeinstellungen bei Twitter k\u00c3\u00b6nnen Sie in den Konto-Einstellungen unter http:\/\/twitter.com\/account\/settings \u00c3\u00a4ndern.<\/p>\n<p style=\"text-align: justify;\">Quellenangaben: eRecht24 Disclaimer, eRecht24 Datenschutzerkl\u00c3\u00a4rung f\u00c3\u00bcr Facebook, Datenschutzerkl\u00c3\u00a4rung f\u00c3\u00bcr Google Analytics.<\/p>\n<p>[\/et_pb_text][\/et_pb_column][\/et_pb_row][\/et_pb_section][et_pb_section admin_label=&#8220;section&#8220; fullwidth=&#8220;off&#8220; specialty=&#8220;off&#8220; inner_shadow=&#8220;off&#8220; parallax=&#8220;off&#8220; transparent_background=&#8220;off&#8220; background_color=&#8220;#003a5e&#8220; allow_player_pause=&#8220;off&#8220; parallax_method=&#8220;off&#8220; padding_mobile=&#8220;off&#8220; make_fullwidth=&#8220;off&#8220; use_custom_width=&#8220;off&#8220; width_unit=&#8220;on&#8220; make_equal=&#8220;off&#8220; use_custom_gutter=&#8220;off&#8220; background_image=&#8220;http:\/\/renate-korth.de\/wordpress\/wp-content\/uploads\/2016\/10\/Background-1.jpg&#8220;][et_pb_row admin_label=&#8220;row&#8220; make_fullwidth=&#8220;off&#8220; use_custom_width=&#8220;off&#8220; width_unit=&#8220;on&#8220; use_custom_gutter=&#8220;off&#8220; padding_mobile=&#8220;off&#8220; allow_player_pause=&#8220;off&#8220; parallax=&#8220;off&#8220; parallax_method=&#8220;off&#8220; make_equal=&#8220;off&#8220; parallax_1=&#8220;off&#8220; parallax_method_1=&#8220;off&#8220; column_padding_mobile=&#8220;on&#8220;][et_pb_column type=&#8220;1_3&#8243;][et_pb_image admin_label=&#8220;Bild&#8220; src=&#8220;http:\/\/renate-korth.de\/wordpress\/wp-content\/uploads\/2016\/10\/Renate-Korth_28.-September-2014_11-web.jpg&#8220; show_in_lightbox=&#8220;off&#8220; url_new_window=&#8220;off&#8220; use_overlay=&#8220;off&#8220; animation=&#8220;off&#8220; sticky=&#8220;off&#8220; align=&#8220;left&#8220; force_fullwidth=&#8220;off&#8220; always_center_on_mobile=&#8220;on&#8220; use_border_color=&#8220;off&#8220; border_color=&#8220;#ffffff&#8220; border_style=&#8220;solid&#8220;]<br \/>\n[\/et_pb_image][\/et_pb_column][et_pb_column type=&#8220;2_3&#8243;][et_pb_text admin_label=&#8220;Text&#8220; background_layout=&#8220;dark&#8220; text_orientation=&#8220;left&#8220; use_border_color=&#8220;off&#8220; border_color=&#8220;#ffffff&#8220; border_style=&#8220;solid&#8220;]<\/p>\n<p style=\"text-align: justify;\">Ich unterst\u00c3\u00bctze auch Sie als Eltern gern bei der Frage, wie Sie ihr Kind optimal auf seinem Weg begleiten k\u00c3\u00b6nnen durch zahlreiche Tipps, zus\u00c3\u00a4tzliche Information und Literatur. Kontaktieren sie mich gern f\u00c3\u00bcr ein unverbindliches Gespr\u00c3\u00a4ch.<\/p>\n<p style=\"text-align: justify;\">Renate Korth<br \/>\nAm Gasberg 8 | Ebene 4<br \/>\n23795 Bad Segeberg<\/p>\n<p style=\"text-align: justify;\">Tel: 01724353529<br \/>\nMail: info[at]renate-korth.de<\/p>\n<p>[\/et_pb_text][et_pb_button admin_label=&#8220;Taste&#8220; button_url=&#8220;mailto:info@renate-korth.de&#8220; url_new_window=&#8220;off&#8220; button_text=&#8220;Kontakt aufnehmen&#8220; button_alignment=&#8220;left&#8220; background_layout=&#8220;light&#8220; custom_button=&#8220;on&#8220; button_text_color=&#8220;#ffffff&#8220; button_letter_spacing=&#8220;0&#8243; button_use_icon=&#8220;default&#8220; button_icon_placement=&#8220;right&#8220; button_on_hover=&#8220;on&#8220; button_letter_spacing_hover=&#8220;0&#8243;]<br \/>\n[\/et_pb_button][\/et_pb_column][\/et_pb_row][\/et_pb_section]<\/p>\n","protected":false},"excerpt":{"rendered":"<p>[et_pb_section admin_label=&#8220;section&#8220; fullwidth=&#8220;off&#8220; specialty=&#8220;off&#8220; background_image=&#8220;http:\/\/renate-korth.de\/wordpress\/wp-content\/uploads\/2016\/10\/Renate-Korth_28.-September-2014_5-web1.jpg&#8220; transparent_background=&#8220;off&#8220; background_color=&#8220;#0e3a66&#8243; allow_player_pause=&#8220;off&#8220; inner_shadow=&#8220;off&#8220; parallax=&#8220;off&#8220; parallax_method=&#8220;off&#8220; padding_mobile=&#8220;off&#8220; make_fullwidth=&#8220;off&#8220; use_custom_width=&#8220;off&#8220; width_unit=&#8220;on&#8220; make_equal=&#8220;off&#8220; use_custom_gutter=&#8220;off&#8220;][et_pb_row admin_label=&#8220;row&#8220; make_fullwidth=&#8220;off&#8220; use_custom_width=&#8220;off&#8220; width_unit=&#8220;on&#8220; use_custom_gutter=&#8220;off&#8220; padding_mobile=&#8220;off&#8220; allow_player_pause=&#8220;off&#8220; parallax=&#8220;off&#8220; parallax_method=&#8220;off&#8220; make_equal=&#8220;off&#8220; parallax_1=&#8220;off&#8220; parallax_method_1=&#8220;off&#8220; column_padding_mobile=&#8220;on&#8220; gutter_width=&#8220;4&#8243; custom_padding=&#8220;12%||12%|&#8220;][et_pb_column type=&#8220;4_4&#8243;][et_pb_text admin_label=&#8220;Text&#8220; background_layout=&#8220;dark&#8220; text_orientation=&#8220;left&#8220; use_border_color=&#8220;off&#8220; border_color=&#8220;#ffffff&#8220; border_style=&#8220;solid&#8220;] Kinder- und Jugendcoach Renate Korth [\/et_pb_text][\/et_pb_column][\/et_pb_row][\/et_pb_section][et_pb_section admin_label=&#8220;section&#8220; fullwidth=&#8220;off&#8220; specialty=&#8220;off&#8220; transparent_background=&#8220;off&#8220; background_color=&#8220;#f7f7f7&#8243; allow_player_pause=&#8220;off&#8220; inner_shadow=&#8220;off&#8220; parallax=&#8220;off&#8220; parallax_method=&#8220;off&#8220; padding_mobile=&#8220;off&#8220; [&hellip;]<\/p>\n","protected":false},"author":2,"featured_media":0,"parent":0,"menu_order":0,"comment_status":"closed","ping_status":"closed","template":"","meta":{"footnotes":""},"_links":{"self":[{"href":"https:\/\/renate-korth.de\/wordpress\/index.php?rest_route=\/wp\/v2\/pages\/57"}],"collection":[{"href":"https:\/\/renate-korth.de\/wordpress\/index.php?rest_route=\/wp\/v2\/pages"}],"about":[{"href":"https:\/\/renate-korth.de\/wordpress\/index.php?rest_route=\/wp\/v2\/types\/page"}],"author":[{"embeddable":true,"href":"https:\/\/renate-korth.de\/wordpress\/index.php?rest_route=\/wp\/v2\/users\/2"}],"replies":[{"embeddable":true,"href":"https:\/\/renate-korth.de\/wordpress\/index.php?rest_route=%2Fwp%2Fv2%2Fcomments&post=57"}],"version-history":[{"count":7,"href":"https:\/\/renate-korth.de\/wordpress\/index.php?rest_route=\/wp\/v2\/pages\/57\/revisions"}],"predecessor-version":[{"id":71,"href":"https:\/\/renate-korth.de\/wordpress\/index.php?rest_route=\/wp\/v2\/pages\/57\/revisions\/71"}],"wp:attachment":[{"href":"https:\/\/renate-korth.de\/wordpress\/index.php?rest_route=%2Fwp%2Fv2%2Fmedia&parent=57"}],"curies":[{"name":"wp","href":"https:\/\/api.w.org\/{rel}","templated":true}]}}